{"id":818,"date":"2021-04-27T13:44:41","date_gmt":"2021-04-27T11:44:41","guid":{"rendered":"https:\/\/www.roxeclaudia.it\/la-region\/"},"modified":"2023-02-14T09:09:37","modified_gmt":"2023-02-14T08:09:37","slug":"la-region","status":"publish","type":"page","link":"https:\/\/www.roxeclaudia.it\/it\/la-region\/","title":{"rendered":"La regione"},"content":{"rendered":"<p style=\"max-width: 780px;\">Alcuni suggerimenti per gli ospiti del B&amp;B:<br \/>\nTutti gli sport e le attivit\u00e0 di montagna e di lago: trekking (percorsi, passeggiate, ecc), passeggiate in bicicletta, percorsi in mountain bike, rafting, canoa, pesca, vela, golf.<br \/>\nFavoriamo le relazioni e la convivialit\u00e0, condividiamo con i nostri ospiti le migliori opportunit\u00e0.<\/p>\n<p><strong>Da non perdere:<\/strong><\/p>\n<ul>\n<li style=\"max-width: 780px;\">&#8211; Roma, la citt\u00e0 eterna<\/li>\n<li>&#8211; La via di San Francesco: Assisi, Spoleto, Stroncone<\/li>\n<li>&#8211; Direttamente dal Medioevo: Narni, Orvieto, Todi, Gubbio<\/li>\n<li>&#8211; I campi dell&#8217;ollio <a class=\"text-primary\" href=\"https:\/\/www.oliveoiltimes.com\/fr\/world\/italian-producers-of-the-worlds-best-olive-oils-express-their-elation\/51217?amp\" target=\"_blank\" rel=\"noopener\">(scoprire la lista dei migliori oli d&#8217;oliva del mondo)<\/a><\/li>\n<\/ul>\n","protected":false},"excerpt":{"rendered":"<p>Alcuni suggerimenti per gli ospiti del B&amp;B: Tutti gli sport e le attivit\u00e0 di montagna e di lago: trekking (percorsi, passeggiate, ecc), passeggiate in bicicletta, percorsi in mountain bike, rafting, canoa, pesca, vela, golf. Favoriamo le relazioni e la convivialit\u00e0, condividiamo con i nostri ospiti le migliori opportunit\u00e0. Da non perdere: &#8211; Roma, la citt\u00e0 [&hellip;]<\/p>\n","protected":false},"author":1,"featured_media":0,"parent":0,"menu_order":0,"comment_status":"closed","ping_status":"closed","template":"archive-activites.php","meta":{"_acf_changed":false,"footnotes":""},"class_list":["post-818","page","type-page","status-publish","hentry"],"acf":[],"yoast_head":"<!-- This site is optimized with the Yoast SEO plugin v27.4 - https:\/\/yoast.com\/product\/yoast-seo-wordpress\/ -->\n<title>La regione - Rox e Claudia<\/title>\n<meta name=\"robots\" content=\"index, follow, max-snippet:-1, max-image-preview:large, max-video-preview:-1\" \/>\n<link rel=\"canonical\" href=\"https:\/\/www.roxeclaudia.it\/it\/la-region\/\" \/>\n<meta property=\"og:locale\" content=\"it_IT\" \/>\n<meta property=\"og:type\" content=\"article\" \/>\n<meta property=\"og:title\" content=\"La regione - Rox e Claudia\" \/>\n<meta property=\"og:description\" content=\"Alcuni suggerimenti per gli ospiti del B&amp;B: Tutti gli sport e le attivit\u00e0 di montagna e di lago: trekking (percorsi, passeggiate, ecc), passeggiate in bicicletta, percorsi in mountain bike, rafting, canoa, pesca, vela, golf. Favoriamo le relazioni e la convivialit\u00e0, condividiamo con i nostri ospiti le migliori opportunit\u00e0. Da non perdere: &#8211; Roma, la citt\u00e0 [&hellip;]\" \/>\n<meta property=\"og:url\" content=\"https:\/\/www.roxeclaudia.it\/it\/la-region\/\" \/>\n<meta property=\"og:site_name\" content=\"Rox e Claudia\" \/>\n<meta property=\"article:modified_time\" content=\"2023-02-14T08:09:37+00:00\" \/>\n<meta name=\"twitter:card\" content=\"summary_large_image\" \/>\n<meta name=\"twitter:label1\" content=\"Tempo di lettura stimato\" \/>\n\t<meta name=\"twitter:data1\" content=\"1 minuto\" \/>\n<script type=\"application\/ld+json\" class=\"yoast-schema-graph\">{\"@context\":\"https:\\\/\\\/schema.org\",\"@graph\":[{\"@type\":\"WebPage\",\"@id\":\"https:\\\/\\\/www.roxeclaudia.it\\\/it\\\/la-region\\\/\",\"url\":\"https:\\\/\\\/www.roxeclaudia.it\\\/it\\\/la-region\\\/\",\"name\":\"La regione - Rox e Claudia\",\"isPartOf\":{\"@id\":\"https:\\\/\\\/www.roxeclaudia.it\\\/it\\\/#website\"},\"datePublished\":\"2021-04-27T11:44:41+00:00\",\"dateModified\":\"2023-02-14T08:09:37+00:00\",\"breadcrumb\":{\"@id\":\"https:\\\/\\\/www.roxeclaudia.it\\\/it\\\/la-region\\\/#breadcrumb\"},\"inLanguage\":\"it-IT\",\"potentialAction\":[{\"@type\":\"ReadAction\",\"target\":[\"https:\\\/\\\/www.roxeclaudia.it\\\/it\\\/la-region\\\/\"]}]},{\"@type\":\"BreadcrumbList\",\"@id\":\"https:\\\/\\\/www.roxeclaudia.it\\\/it\\\/la-region\\\/#breadcrumb\",\"itemListElement\":[{\"@type\":\"ListItem\",\"position\":1,\"name\":\"Accueil\",\"item\":\"https:\\\/\\\/www.roxeclaudia.it\\\/it\\\/\"},{\"@type\":\"ListItem\",\"position\":2,\"name\":\"La regione\"}]},{\"@type\":\"WebSite\",\"@id\":\"https:\\\/\\\/www.roxeclaudia.it\\\/it\\\/#website\",\"url\":\"https:\\\/\\\/www.roxeclaudia.it\\\/it\\\/\",\"name\":\"Rox e Claudia\",\"description\":\"\",\"potentialAction\":[{\"@type\":\"SearchAction\",\"target\":{\"@type\":\"EntryPoint\",\"urlTemplate\":\"https:\\\/\\\/www.roxeclaudia.it\\\/it\\\/?s={search_term_string}\"},\"query-input\":{\"@type\":\"PropertyValueSpecification\",\"valueRequired\":true,\"valueName\":\"search_term_string\"}}],\"inLanguage\":\"it-IT\"}]}<\/script>\n<!-- \/ Yoast SEO plugin. -->","yoast_head_json":{"title":"La regione - Rox e Claudia","robots":{"index":"index","follow":"follow","max-snippet":"max-snippet:-1","max-image-preview":"max-image-preview:large","max-video-preview":"max-video-preview:-1"},"canonical":"https:\/\/www.roxeclaudia.it\/it\/la-region\/","og_locale":"it_IT","og_type":"article","og_title":"La regione - Rox e Claudia","og_description":"Alcuni suggerimenti per gli ospiti del B&amp;B: Tutti gli sport e le attivit\u00e0 di montagna e di lago: trekking (percorsi, passeggiate, ecc), passeggiate in bicicletta, percorsi in mountain bike, rafting, canoa, pesca, vela, golf. Favoriamo le relazioni e la convivialit\u00e0, condividiamo con i nostri ospiti le migliori opportunit\u00e0. Da non perdere: &#8211; Roma, la citt\u00e0 [&hellip;]","og_url":"https:\/\/www.roxeclaudia.it\/it\/la-region\/","og_site_name":"Rox e Claudia","article_modified_time":"2023-02-14T08:09:37+00:00","twitter_card":"summary_large_image","twitter_misc":{"Tempo di lettura stimato":"1 minuto"},"schema":{"@context":"https:\/\/schema.org","@graph":[{"@type":"WebPage","@id":"https:\/\/www.roxeclaudia.it\/it\/la-region\/","url":"https:\/\/www.roxeclaudia.it\/it\/la-region\/","name":"La regione - Rox e Claudia","isPartOf":{"@id":"https:\/\/www.roxeclaudia.it\/it\/#website"},"datePublished":"2021-04-27T11:44:41+00:00","dateModified":"2023-02-14T08:09:37+00:00","breadcrumb":{"@id":"https:\/\/www.roxeclaudia.it\/it\/la-region\/#breadcrumb"},"inLanguage":"it-IT","potentialAction":[{"@type":"ReadAction","target":["https:\/\/www.roxeclaudia.it\/it\/la-region\/"]}]},{"@type":"BreadcrumbList","@id":"https:\/\/www.roxeclaudia.it\/it\/la-region\/#breadcrumb","itemListElement":[{"@type":"ListItem","position":1,"name":"Accueil","item":"https:\/\/www.roxeclaudia.it\/it\/"},{"@type":"ListItem","position":2,"name":"La regione"}]},{"@type":"WebSite","@id":"https:\/\/www.roxeclaudia.it\/it\/#website","url":"https:\/\/www.roxeclaudia.it\/it\/","name":"Rox e Claudia","description":"","potentialAction":[{"@type":"SearchAction","target":{"@type":"EntryPoint","urlTemplate":"https:\/\/www.roxeclaudia.it\/it\/?s={search_term_string}"},"query-input":{"@type":"PropertyValueSpecification","valueRequired":true,"valueName":"search_term_string"}}],"inLanguage":"it-IT"}]}},"_links":{"self":[{"href":"https:\/\/www.roxeclaudia.it\/it\/wp-json\/wp\/v2\/pages\/818","targetHints":{"allow":["GET"]}}],"collection":[{"href":"https:\/\/www.roxeclaudia.it\/it\/wp-json\/wp\/v2\/pages"}],"about":[{"href":"https:\/\/www.roxeclaudia.it\/it\/wp-json\/wp\/v2\/types\/page"}],"author":[{"embeddable":true,"href":"https:\/\/www.roxeclaudia.it\/it\/wp-json\/wp\/v2\/users\/1"}],"replies":[{"embeddable":true,"href":"https:\/\/www.roxeclaudia.it\/it\/wp-json\/wp\/v2\/comments?post=818"}],"version-history":[{"count":4,"href":"https:\/\/www.roxeclaudia.it\/it\/wp-json\/wp\/v2\/pages\/818\/revisions"}],"predecessor-version":[{"id":923,"href":"https:\/\/www.roxeclaudia.it\/it\/wp-json\/wp\/v2\/pages\/818\/revisions\/923"}],"wp:attachment":[{"href":"https:\/\/www.roxeclaudia.it\/it\/wp-json\/wp\/v2\/media?parent=818"}],"curies":[{"name":"wp","href":"https:\/\/api.w.org\/{rel}","templated":true}]}}